{"id":140,"date":"2023-05-07T03:13:43","date_gmt":"2023-05-07T03:13:43","guid":{"rendered":"https:\/\/thedailysocialist.com\/recuperacion\/?page_id=140"},"modified":"2023-05-07T03:13:43","modified_gmt":"2023-05-07T03:13:43","slug":"norte-de-africa-y-medio-oriente","status":"publish","type":"page","link":"https:\/\/thedailysocialist.com\/recuperacion\/norte-de-africa-y-medio-oriente\/","title":{"rendered":"Norte de \u00c1frica y Medio Oriente"},"content":{"rendered":"\n<h1 class=\"wp-block-heading has-text-align-center\"><strong>Norte de \u00c1frica y Medio Oriente<\/strong><\/h1>\n\n\n<ul class=\"wp-block-latest-posts__list is-grid columns-3 has-dates alignwide wp-block-latest-posts\"><li><div class=\"wp-block-latest-posts__featured-image\"><img loading=\"lazy\" decoding=\"async\" width=\"791\" height=\"1024\" src=\"https:\/\/thedailysocialist.com\/recuperacion\/wp-content\/uploads\/2023\/05\/TWOIMP2-1187x1536-1-791x1024.png\" class=\"attachment-large size-large wp-post-image\" alt=\"\" style=\"\" srcset=\"https:\/\/thedailysocialist.com\/recuperacion\/wp-content\/uploads\/2023\/05\/TWOIMP2-1187x1536-1-791x1024.png 791w, https:\/\/thedailysocialist.com\/recuperacion\/wp-content\/uploads\/2023\/05\/TWOIMP2-1187x1536-1-232x300.png 232w, https:\/\/thedailysocialist.com\/recuperacion\/wp-content\/uploads\/2023\/05\/TWOIMP2-1187x1536-1-768x994.png 768w, https:\/\/thedailysocialist.com\/recuperacion\/wp-content\/uploads\/2023\/05\/TWOIMP2-1187x1536-1.png 1187w\" sizes=\"auto, (max-width: 791px) 100vw, 791px\" \/><\/div><a class=\"wp-block-latest-posts__post-title\" href=\"https:\/\/thedailysocialist.com\/recuperacion\/2023\/04\/26\/por-un-1ro-de-mayo-obrero-socialista-e-internacionalista\/\">\u00a1Por un 1ro de Mayo Obrero, Socialista e Internacionalista!<\/a><time datetime=\"2023-04-26T00:07:00+00:00\" class=\"wp-block-latest-posts__post-date\">26 abril, 2023<\/time><div class=\"wp-block-latest-posts__post-excerpt\">Left Party (Izquierda Internacional) Hace casi 125 a\u00f1os atr\u00e1s, los socialistas lanzaron la iniciativa del 1ro. de mayo como un<p><a href=\"https:\/\/thedailysocialist.com\/recuperacion\/2023\/04\/26\/por-un-1ro-de-mayo-obrero-socialista-e-internacionalista\/\" class=\"more-link\">Continue reading<span class=\"screen-reader-text\">\u00a1Por un 1ro de Mayo Obrero, Socialista e Internacionalista!<\/span><\/a><\/p><\/div><\/li>\n<li><div class=\"wp-block-latest-posts__featured-image\"><img loading=\"lazy\" decoding=\"async\" width=\"880\" height=\"660\" src=\"https:\/\/thedailysocialist.com\/recuperacion\/wp-content\/uploads\/2023\/05\/Copia-de-Diseno-sin-titulo.png\" class=\"attachment-large size-large wp-post-image\" alt=\"\" style=\"\" srcset=\"https:\/\/thedailysocialist.com\/recuperacion\/wp-content\/uploads\/2023\/05\/Copia-de-Diseno-sin-titulo.png 1024w, https:\/\/thedailysocialist.com\/recuperacion\/wp-content\/uploads\/2023\/05\/Copia-de-Diseno-sin-titulo-300x225.png 300w, https:\/\/thedailysocialist.com\/recuperacion\/wp-content\/uploads\/2023\/05\/Copia-de-Diseno-sin-titulo-768x576.png 768w, https:\/\/thedailysocialist.com\/recuperacion\/wp-content\/uploads\/2023\/05\/Copia-de-Diseno-sin-titulo-440x330.png 440w, https:\/\/thedailysocialist.com\/recuperacion\/wp-content\/uploads\/2023\/05\/Copia-de-Diseno-sin-titulo-920x690.png 920w\" sizes=\"auto, (max-width: 880px) 100vw, 880px\" \/><\/div><a class=\"wp-block-latest-posts__post-title\" href=\"https:\/\/thedailysocialist.com\/recuperacion\/2022\/11\/20\/iran-el-regimen-islamico-y-el-estado-teocratico-estan-en-crisis-intensifica-la-represion-abajo-raisi-y-jamenei\/\">Ir\u00e1n: El r\u00e9gimen isl\u00e1mico y el estado teocr\u00e1tico est\u00e1n en crisis, intensifica la represi\u00f3n. \u00a1Abajo Raisi y Jamenei!<\/a><time datetime=\"2022-11-20T06:00:00+00:00\" class=\"wp-block-latest-posts__post-date\">20 noviembre, 2022<\/time><div class=\"wp-block-latest-posts__post-excerpt\">\u00a1Juicio y castigo a los asesinos de Mahsa Amini y de los manifestantes! Despu\u00e9s de m\u00e1s de 60 d\u00edas de<p><a href=\"https:\/\/thedailysocialist.com\/recuperacion\/2022\/11\/20\/iran-el-regimen-islamico-y-el-estado-teocratico-estan-en-crisis-intensifica-la-represion-abajo-raisi-y-jamenei\/\" class=\"more-link\">Continue reading<span class=\"screen-reader-text\">Ir\u00e1n: El r\u00e9gimen isl\u00e1mico y el estado teocr\u00e1tico est\u00e1n en crisis, intensifica la represi\u00f3n. \u00a1Abajo Raisi y Jamenei!<\/span><\/a><\/p><\/div><\/li>\n<\/ul>","protected":false},"excerpt":{"rendered":"<p>Norte de \u00c1frica y Medio Oriente<\/p>\n","protected":false},"author":1,"featured_media":0,"parent":0,"menu_order":0,"comment_status":"closed","ping_status":"closed","template":"","meta":{"footnotes":""},"class_list":["post-140","page","type-page","status-publish","hentry"],"_links":{"self":[{"href":"https:\/\/thedailysocialist.com\/recuperacion\/wp-json\/wp\/v2\/pages\/140","targetHints":{"allow":["GET"]}}],"collection":[{"href":"https:\/\/thedailysocialist.com\/recuperacion\/wp-json\/wp\/v2\/pages"}],"about":[{"href":"https:\/\/thedailysocialist.com\/recuperacion\/wp-json\/wp\/v2\/types\/page"}],"author":[{"embeddable":true,"href":"https:\/\/thedailysocialist.com\/recuperacion\/wp-json\/wp\/v2\/users\/1"}],"replies":[{"embeddable":true,"href":"https:\/\/thedailysocialist.com\/recuperacion\/wp-json\/wp\/v2\/comments?post=140"}],"version-history":[{"count":1,"href":"https:\/\/thedailysocialist.com\/recuperacion\/wp-json\/wp\/v2\/pages\/140\/revisions"}],"predecessor-version":[{"id":141,"href":"https:\/\/thedailysocialist.com\/recuperacion\/wp-json\/wp\/v2\/pages\/140\/revisions\/141"}],"wp:attachment":[{"href":"https:\/\/thedailysocialist.com\/recuperacion\/wp-json\/wp\/v2\/media?parent=140"}],"curies":[{"name":"wp","href":"https:\/\/api.w.org\/{rel}","templated":true}]}}