{"id":122,"date":"2023-05-07T02:53:18","date_gmt":"2023-05-07T02:53:18","guid":{"rendered":"https:\/\/thedailysocialist.com\/recuperacion\/?page_id=122"},"modified":"2023-05-07T02:53:18","modified_gmt":"2023-05-07T02:53:18","slug":"economia","status":"publish","type":"page","link":"https:\/\/thedailysocialist.com\/recuperacion\/economia\/","title":{"rendered":"Econom\u00eda"},"content":{"rendered":"\n<h1 class=\"wp-block-heading has-text-align-center\"><strong>Econom\u00eda<\/strong><\/h1>\n\n\n<ul class=\"wp-block-latest-posts__list is-grid columns-3 has-dates alignwide wp-block-latest-posts\"><li><div class=\"wp-block-latest-posts__featured-image\"><img loading=\"lazy\" decoding=\"async\" width=\"880\" height=\"660\" src=\"https:\/\/thedailysocialist.com\/recuperacion\/wp-content\/uploads\/2023\/05\/COP-27-la-extincion-debe-continuar-Izquierda-internacional.jpg\" class=\"attachment-large size-large wp-post-image\" alt=\"\" style=\"\" srcset=\"https:\/\/thedailysocialist.com\/recuperacion\/wp-content\/uploads\/2023\/05\/COP-27-la-extincion-debe-continuar-Izquierda-internacional.jpg 1024w, https:\/\/thedailysocialist.com\/recuperacion\/wp-content\/uploads\/2023\/05\/COP-27-la-extincion-debe-continuar-Izquierda-internacional-300x225.jpg 300w, https:\/\/thedailysocialist.com\/recuperacion\/wp-content\/uploads\/2023\/05\/COP-27-la-extincion-debe-continuar-Izquierda-internacional-768x576.jpg 768w, https:\/\/thedailysocialist.com\/recuperacion\/wp-content\/uploads\/2023\/05\/COP-27-la-extincion-debe-continuar-Izquierda-internacional-440x330.jpg 440w, https:\/\/thedailysocialist.com\/recuperacion\/wp-content\/uploads\/2023\/05\/COP-27-la-extincion-debe-continuar-Izquierda-internacional-920x690.jpg 920w\" sizes=\"auto, (max-width: 880px) 100vw, 880px\" \/><\/div><a class=\"wp-block-latest-posts__post-title\" href=\"https:\/\/thedailysocialist.com\/recuperacion\/2022\/11\/30\/cop-27-the-extinction-must-go-on-la-extincion-debe-continuar\/\">COP 27: The extinction must go on&#8230; [La extinci\u00f3n debe continuar]<\/a><time datetime=\"2022-11-30T06:35:00+00:00\" class=\"wp-block-latest-posts__post-date\">30 noviembre, 2022<\/time><div class=\"wp-block-latest-posts__post-excerpt\">Ni una palabra sobre la eliminaci\u00f3n de la producci\u00f3n de combustibles f\u00f3siles Termin\u00f3 el COP27. Se apagaron las luces. Bajaron<p><a href=\"https:\/\/thedailysocialist.com\/recuperacion\/2022\/11\/30\/cop-27-the-extinction-must-go-on-la-extincion-debe-continuar\/\" class=\"more-link\">Continue reading<span class=\"screen-reader-text\">COP 27: The extinction must go on&#8230; [La extinci\u00f3n debe continuar]<\/span><\/a><\/p><\/div><\/li>\n<\/ul>","protected":false},"excerpt":{"rendered":"<p>Econom\u00eda<\/p>\n","protected":false},"author":1,"featured_media":0,"parent":0,"menu_order":0,"comment_status":"closed","ping_status":"closed","template":"","meta":{"footnotes":""},"class_list":["post-122","page","type-page","status-publish","hentry"],"_links":{"self":[{"href":"https:\/\/thedailysocialist.com\/recuperacion\/wp-json\/wp\/v2\/pages\/122","targetHints":{"allow":["GET"]}}],"collection":[{"href":"https:\/\/thedailysocialist.com\/recuperacion\/wp-json\/wp\/v2\/pages"}],"about":[{"href":"https:\/\/thedailysocialist.com\/recuperacion\/wp-json\/wp\/v2\/types\/page"}],"author":[{"embeddable":true,"href":"https:\/\/thedailysocialist.com\/recuperacion\/wp-json\/wp\/v2\/users\/1"}],"replies":[{"embeddable":true,"href":"https:\/\/thedailysocialist.com\/recuperacion\/wp-json\/wp\/v2\/comments?post=122"}],"version-history":[{"count":1,"href":"https:\/\/thedailysocialist.com\/recuperacion\/wp-json\/wp\/v2\/pages\/122\/revisions"}],"predecessor-version":[{"id":123,"href":"https:\/\/thedailysocialist.com\/recuperacion\/wp-json\/wp\/v2\/pages\/122\/revisions\/123"}],"wp:attachment":[{"href":"https:\/\/thedailysocialist.com\/recuperacion\/wp-json\/wp\/v2\/media?parent=122"}],"curies":[{"name":"wp","href":"https:\/\/api.w.org\/{rel}","templated":true}]}}