{"id":107,"date":"2023-05-07T01:27:48","date_gmt":"2023-05-07T01:27:48","guid":{"rendered":"https:\/\/thedailysocialist.com\/recuperacion\/?page_id=107"},"modified":"2023-05-07T01:27:48","modified_gmt":"2023-05-07T01:27:48","slug":"imperialismo","status":"publish","type":"page","link":"https:\/\/thedailysocialist.com\/recuperacion\/imperialismo\/","title":{"rendered":"Imperialismo"},"content":{"rendered":"\n<h1 class=\"wp-block-heading has-text-align-center\"><strong>Imperialismo<\/strong><\/h1>\n\n\n<ul class=\"wp-block-latest-posts__list is-grid columns-3 has-dates alignwide wp-block-latest-posts\"><li><div class=\"wp-block-latest-posts__featured-image\"><img loading=\"lazy\" decoding=\"async\" width=\"791\" height=\"1024\" src=\"https:\/\/thedailysocialist.com\/recuperacion\/wp-content\/uploads\/2023\/05\/TWOIMP2-1187x1536-1-791x1024.png\" class=\"attachment-large size-large wp-post-image\" alt=\"\" style=\"\" srcset=\"https:\/\/thedailysocialist.com\/recuperacion\/wp-content\/uploads\/2023\/05\/TWOIMP2-1187x1536-1-791x1024.png 791w, https:\/\/thedailysocialist.com\/recuperacion\/wp-content\/uploads\/2023\/05\/TWOIMP2-1187x1536-1-232x300.png 232w, https:\/\/thedailysocialist.com\/recuperacion\/wp-content\/uploads\/2023\/05\/TWOIMP2-1187x1536-1-768x994.png 768w, https:\/\/thedailysocialist.com\/recuperacion\/wp-content\/uploads\/2023\/05\/TWOIMP2-1187x1536-1.png 1187w\" sizes=\"auto, (max-width: 791px) 100vw, 791px\" \/><\/div><a class=\"wp-block-latest-posts__post-title\" href=\"https:\/\/thedailysocialist.com\/recuperacion\/2023\/04\/26\/por-un-1ro-de-mayo-obrero-socialista-e-internacionalista\/\">\u00a1Por un 1ro de Mayo Obrero, Socialista e Internacionalista!<\/a><time datetime=\"2023-04-26T00:07:00+00:00\" class=\"wp-block-latest-posts__post-date\">26 abril, 2023<\/time><div class=\"wp-block-latest-posts__post-excerpt\">Left Party (Izquierda Internacional) Hace casi 125 a\u00f1os atr\u00e1s, los socialistas lanzaron la iniciativa del 1ro. de mayo como un<p><a href=\"https:\/\/thedailysocialist.com\/recuperacion\/2023\/04\/26\/por-un-1ro-de-mayo-obrero-socialista-e-internacionalista\/\" class=\"more-link\">Continue reading<span class=\"screen-reader-text\">\u00a1Por un 1ro de Mayo Obrero, Socialista e Internacionalista!<\/span><\/a><\/p><\/div><\/li>\n<li><div class=\"wp-block-latest-posts__featured-image\"><img loading=\"lazy\" decoding=\"async\" width=\"880\" height=\"660\" src=\"https:\/\/thedailysocialist.com\/recuperacion\/wp-content\/uploads\/2023\/05\/izquierda-internacional-brasil-imperialista-imperialismo-brasileno-con-pies-de-barro-1.jpg\" class=\"attachment-large size-large wp-post-image\" alt=\"\" style=\"\" srcset=\"https:\/\/thedailysocialist.com\/recuperacion\/wp-content\/uploads\/2023\/05\/izquierda-internacional-brasil-imperialista-imperialismo-brasileno-con-pies-de-barro-1.jpg 1024w, https:\/\/thedailysocialist.com\/recuperacion\/wp-content\/uploads\/2023\/05\/izquierda-internacional-brasil-imperialista-imperialismo-brasileno-con-pies-de-barro-1-300x225.jpg 300w, https:\/\/thedailysocialist.com\/recuperacion\/wp-content\/uploads\/2023\/05\/izquierda-internacional-brasil-imperialista-imperialismo-brasileno-con-pies-de-barro-1-768x576.jpg 768w, https:\/\/thedailysocialist.com\/recuperacion\/wp-content\/uploads\/2023\/05\/izquierda-internacional-brasil-imperialista-imperialismo-brasileno-con-pies-de-barro-1-440x330.jpg 440w, https:\/\/thedailysocialist.com\/recuperacion\/wp-content\/uploads\/2023\/05\/izquierda-internacional-brasil-imperialista-imperialismo-brasileno-con-pies-de-barro-1-920x690.jpg 920w\" sizes=\"auto, (max-width: 880px) 100vw, 880px\" \/><\/div><a class=\"wp-block-latest-posts__post-title\" href=\"https:\/\/thedailysocialist.com\/recuperacion\/2023\/03\/06\/brasil-nacido-para-ser-imperialista\/\">Brasil: Nacido para ser imperialista<\/a><time datetime=\"2023-03-06T23:42:00+00:00\" class=\"wp-block-latest-posts__post-date\">6 marzo, 2023<\/time><div class=\"wp-block-latest-posts__post-excerpt\">\u00bfEs Brasil una naci\u00f3n imperialista?&nbsp; Puesto en t\u00e9rminos sencillos, el car\u00e1cter imperialista de una naci\u00f3n dentro del sistema capitalista, se<p><a href=\"https:\/\/thedailysocialist.com\/recuperacion\/2023\/03\/06\/brasil-nacido-para-ser-imperialista\/\" class=\"more-link\">Continue reading<span class=\"screen-reader-text\">Brasil: Nacido para ser imperialista<\/span><\/a><\/p><\/div><\/li>\n<li><div class=\"wp-block-latest-posts__featured-image\"><img loading=\"lazy\" decoding=\"async\" width=\"880\" height=\"660\" src=\"https:\/\/thedailysocialist.com\/recuperacion\/wp-content\/uploads\/2023\/05\/EEUUMexico-LA-VENGANZA-DE-MOCTEZUMA-De-los-Derechos-de-los-Inmigrantes-a-la-Liberacion-Naciona.jpg\" class=\"attachment-large size-large wp-post-image\" alt=\"\" style=\"\" srcset=\"https:\/\/thedailysocialist.com\/recuperacion\/wp-content\/uploads\/2023\/05\/EEUUMexico-LA-VENGANZA-DE-MOCTEZUMA-De-los-Derechos-de-los-Inmigrantes-a-la-Liberacion-Naciona.jpg 1024w, https:\/\/thedailysocialist.com\/recuperacion\/wp-content\/uploads\/2023\/05\/EEUUMexico-LA-VENGANZA-DE-MOCTEZUMA-De-los-Derechos-de-los-Inmigrantes-a-la-Liberacion-Naciona-300x225.jpg 300w, https:\/\/thedailysocialist.com\/recuperacion\/wp-content\/uploads\/2023\/05\/EEUUMexico-LA-VENGANZA-DE-MOCTEZUMA-De-los-Derechos-de-los-Inmigrantes-a-la-Liberacion-Naciona-768x576.jpg 768w, https:\/\/thedailysocialist.com\/recuperacion\/wp-content\/uploads\/2023\/05\/EEUUMexico-LA-VENGANZA-DE-MOCTEZUMA-De-los-Derechos-de-los-Inmigrantes-a-la-Liberacion-Naciona-440x330.jpg 440w, https:\/\/thedailysocialist.com\/recuperacion\/wp-content\/uploads\/2023\/05\/EEUUMexico-LA-VENGANZA-DE-MOCTEZUMA-De-los-Derechos-de-los-Inmigrantes-a-la-Liberacion-Naciona-920x690.jpg 920w\" sizes=\"auto, (max-width: 880px) 100vw, 880px\" \/><\/div><a class=\"wp-block-latest-posts__post-title\" href=\"https:\/\/thedailysocialist.com\/recuperacion\/2023\/02\/22\/eeuu-mexico-la-venganza-de-moctezuma\/\">EEUU\/M\u00e9xico: LA VENGANZA DE MOCTEZUMA<\/a><time datetime=\"2023-02-22T07:32:00+00:00\" class=\"wp-block-latest-posts__post-date\">22 febrero, 2023<\/time><div class=\"wp-block-latest-posts__post-excerpt\">De los Derechos de los Inmigrantes a la Liberaci\u00f3n Nacional Carlos Petroni Revista de Izquierda Internacional \u2013 No. 1, Mayo<p><a href=\"https:\/\/thedailysocialist.com\/recuperacion\/2023\/02\/22\/eeuu-mexico-la-venganza-de-moctezuma\/\" class=\"more-link\">Continue reading<span class=\"screen-reader-text\">EEUU\/M\u00e9xico: LA VENGANZA DE MOCTEZUMA<\/span><\/a><\/p><\/div><\/li>\n<li><div class=\"wp-block-latest-posts__featured-image\"><img loading=\"lazy\" decoding=\"async\" width=\"880\" height=\"738\" src=\"https:\/\/thedailysocialist.com\/recuperacion\/wp-content\/uploads\/2023\/05\/policrisis-socialismo-o-extincion-izquierda-internacional.png\" class=\"attachment-large size-large wp-post-image\" alt=\"\" style=\"\" srcset=\"https:\/\/thedailysocialist.com\/recuperacion\/wp-content\/uploads\/2023\/05\/policrisis-socialismo-o-extincion-izquierda-internacional.png 940w, https:\/\/thedailysocialist.com\/recuperacion\/wp-content\/uploads\/2023\/05\/policrisis-socialismo-o-extincion-izquierda-internacional-300x251.png 300w, https:\/\/thedailysocialist.com\/recuperacion\/wp-content\/uploads\/2023\/05\/policrisis-socialismo-o-extincion-izquierda-internacional-768x644.png 768w\" sizes=\"auto, (max-width: 880px) 100vw, 880px\" \/><\/div><a class=\"wp-block-latest-posts__post-title\" href=\"https:\/\/thedailysocialist.com\/recuperacion\/2023\/02\/02\/policrisis-coyuntura-internacional\/\">Policrisis: Coyuntura internacional<\/a><time datetime=\"2023-02-02T07:22:00+00:00\" class=\"wp-block-latest-posts__post-date\">2 febrero, 2023<\/time><div class=\"wp-block-latest-posts__post-excerpt\">Coyuntura internacional\u00a0enero 2023 Carlos Petroni (Le\u00f3n P\u00e9rez) Aprobado por Izquierda Internacional El mundo ha comenzado a transitar por lo que<p><a href=\"https:\/\/thedailysocialist.com\/recuperacion\/2023\/02\/02\/policrisis-coyuntura-internacional\/\" class=\"more-link\">Continue reading<span class=\"screen-reader-text\">Policrisis: Coyuntura internacional<\/span><\/a><\/p><\/div><\/li>\n<li><div class=\"wp-block-latest-posts__featured-image\"><img loading=\"lazy\" decoding=\"async\" width=\"880\" height=\"660\" src=\"https:\/\/thedailysocialist.com\/recuperacion\/wp-content\/uploads\/2023\/05\/gano-lula-siguen-perdiendo-los-trabajadores-brasil.jpg\" class=\"attachment-large size-large wp-post-image\" alt=\"\" style=\"\" srcset=\"https:\/\/thedailysocialist.com\/recuperacion\/wp-content\/uploads\/2023\/05\/gano-lula-siguen-perdiendo-los-trabajadores-brasil.jpg 1024w, https:\/\/thedailysocialist.com\/recuperacion\/wp-content\/uploads\/2023\/05\/gano-lula-siguen-perdiendo-los-trabajadores-brasil-300x225.jpg 300w, https:\/\/thedailysocialist.com\/recuperacion\/wp-content\/uploads\/2023\/05\/gano-lula-siguen-perdiendo-los-trabajadores-brasil-768x576.jpg 768w, https:\/\/thedailysocialist.com\/recuperacion\/wp-content\/uploads\/2023\/05\/gano-lula-siguen-perdiendo-los-trabajadores-brasil-440x330.jpg 440w, https:\/\/thedailysocialist.com\/recuperacion\/wp-content\/uploads\/2023\/05\/gano-lula-siguen-perdiendo-los-trabajadores-brasil-920x690.jpg 920w\" sizes=\"auto, (max-width: 880px) 100vw, 880px\" \/><\/div><a class=\"wp-block-latest-posts__post-title\" href=\"https:\/\/thedailysocialist.com\/recuperacion\/2022\/12\/11\/gano-lula-siguen-perdiendo-los-trabajadores\/\">Gan\u00f3 Lula, siguen perdiendo los trabajadores<\/a><time datetime=\"2022-12-11T07:02:00+00:00\" class=\"wp-block-latest-posts__post-date\">11 diciembre, 2022<\/time><div class=\"wp-block-latest-posts__post-excerpt\">\u00a1Abajo el plan de ajuste de&nbsp;#Lula! \u00a1aplastemos en las calles a la ultraderecha! \u00a1por la organizaci\u00f3n independiente y revolucionaria! E<p><a href=\"https:\/\/thedailysocialist.com\/recuperacion\/2022\/12\/11\/gano-lula-siguen-perdiendo-los-trabajadores\/\" class=\"more-link\">Continue reading<span class=\"screen-reader-text\">Gan\u00f3 Lula, siguen perdiendo los trabajadores<\/span><\/a><\/p><\/div><\/li>\n<li><div class=\"wp-block-latest-posts__featured-image\"><img loading=\"lazy\" decoding=\"async\" width=\"880\" height=\"660\" src=\"https:\/\/thedailysocialist.com\/recuperacion\/wp-content\/uploads\/2023\/05\/COP-27-la-extincion-debe-continuar-Izquierda-internacional.jpg\" class=\"attachment-large size-large wp-post-image\" alt=\"\" style=\"\" srcset=\"https:\/\/thedailysocialist.com\/recuperacion\/wp-content\/uploads\/2023\/05\/COP-27-la-extincion-debe-continuar-Izquierda-internacional.jpg 1024w, https:\/\/thedailysocialist.com\/recuperacion\/wp-content\/uploads\/2023\/05\/COP-27-la-extincion-debe-continuar-Izquierda-internacional-300x225.jpg 300w, https:\/\/thedailysocialist.com\/recuperacion\/wp-content\/uploads\/2023\/05\/COP-27-la-extincion-debe-continuar-Izquierda-internacional-768x576.jpg 768w, https:\/\/thedailysocialist.com\/recuperacion\/wp-content\/uploads\/2023\/05\/COP-27-la-extincion-debe-continuar-Izquierda-internacional-440x330.jpg 440w, https:\/\/thedailysocialist.com\/recuperacion\/wp-content\/uploads\/2023\/05\/COP-27-la-extincion-debe-continuar-Izquierda-internacional-920x690.jpg 920w\" sizes=\"auto, (max-width: 880px) 100vw, 880px\" \/><\/div><a class=\"wp-block-latest-posts__post-title\" href=\"https:\/\/thedailysocialist.com\/recuperacion\/2022\/11\/30\/cop-27-the-extinction-must-go-on-la-extincion-debe-continuar\/\">COP 27: The extinction must go on&#8230; [La extinci\u00f3n debe continuar]<\/a><time datetime=\"2022-11-30T06:35:00+00:00\" class=\"wp-block-latest-posts__post-date\">30 noviembre, 2022<\/time><div class=\"wp-block-latest-posts__post-excerpt\">Ni una palabra sobre la eliminaci\u00f3n de la producci\u00f3n de combustibles f\u00f3siles Termin\u00f3 el COP27. Se apagaron las luces. Bajaron<p><a href=\"https:\/\/thedailysocialist.com\/recuperacion\/2022\/11\/30\/cop-27-the-extinction-must-go-on-la-extincion-debe-continuar\/\" class=\"more-link\">Continue reading<span class=\"screen-reader-text\">COP 27: The extinction must go on&#8230; [La extinci\u00f3n debe continuar]<\/span><\/a><\/p><\/div><\/li>\n<li><div class=\"wp-block-latest-posts__featured-image\"><img loading=\"lazy\" decoding=\"async\" width=\"820\" height=\"312\" src=\"https:\/\/thedailysocialist.com\/recuperacion\/wp-content\/uploads\/2023\/05\/311599949_146637731409295_3247216172897210920_n-1.png\" class=\"attachment-large size-large wp-post-image\" alt=\"\" style=\"\" srcset=\"https:\/\/thedailysocialist.com\/recuperacion\/wp-content\/uploads\/2023\/05\/311599949_146637731409295_3247216172897210920_n-1.png 820w, https:\/\/thedailysocialist.com\/recuperacion\/wp-content\/uploads\/2023\/05\/311599949_146637731409295_3247216172897210920_n-1-300x114.png 300w, https:\/\/thedailysocialist.com\/recuperacion\/wp-content\/uploads\/2023\/05\/311599949_146637731409295_3247216172897210920_n-1-768x292.png 768w\" sizes=\"auto, (max-width: 820px) 100vw, 820px\" \/><\/div><a class=\"wp-block-latest-posts__post-title\" href=\"https:\/\/thedailysocialist.com\/recuperacion\/2022\/10\/21\/manifiesto-por-una-nueva-internacional-marxista-revolucionaria-y-anti-extincionista\/\">Manifiesto por una Nueva Internacional Marxista Revolucionaria y Anti-Extincionista<\/a><time datetime=\"2022-10-21T06:54:00+00:00\" class=\"wp-block-latest-posts__post-date\">21 octubre, 2022<\/time><div class=\"wp-block-latest-posts__post-excerpt\">Conferencia Internacional de Fundaci\u00f3n Ciudad de M\u00e9xico Octubre de 2022 #CambioClimatico #CrisisClim\u00e1tica #Revolucion #ColapsoCivilizatorio #Extinction #LuchaSocial #Socialismo #Comunismo #CalentamientoGlobal #Ecolog\u00eda<p><a href=\"https:\/\/thedailysocialist.com\/recuperacion\/2022\/10\/21\/manifiesto-por-una-nueva-internacional-marxista-revolucionaria-y-anti-extincionista\/\" class=\"more-link\">Continue reading<span class=\"screen-reader-text\">Manifiesto por una Nueva Internacional Marxista Revolucionaria y Anti-Extincionista<\/span><\/a><\/p><\/div><\/li>\n<li><div class=\"wp-block-latest-posts__featured-image\"><img loading=\"lazy\" decoding=\"async\" width=\"880\" height=\"660\" src=\"https:\/\/thedailysocialist.com\/recuperacion\/wp-content\/uploads\/2023\/05\/izquierdainfo_ukrania.jpg\" class=\"attachment-large size-large wp-post-image\" alt=\"\" style=\"\" srcset=\"https:\/\/thedailysocialist.com\/recuperacion\/wp-content\/uploads\/2023\/05\/izquierdainfo_ukrania.jpg 1024w, https:\/\/thedailysocialist.com\/recuperacion\/wp-content\/uploads\/2023\/05\/izquierdainfo_ukrania-300x225.jpg 300w, https:\/\/thedailysocialist.com\/recuperacion\/wp-content\/uploads\/2023\/05\/izquierdainfo_ukrania-768x576.jpg 768w, https:\/\/thedailysocialist.com\/recuperacion\/wp-content\/uploads\/2023\/05\/izquierdainfo_ukrania-440x330.jpg 440w, https:\/\/thedailysocialist.com\/recuperacion\/wp-content\/uploads\/2023\/05\/izquierdainfo_ukrania-920x690.jpg 920w\" sizes=\"auto, (max-width: 880px) 100vw, 880px\" \/><\/div><a class=\"wp-block-latest-posts__post-title\" href=\"https:\/\/thedailysocialist.com\/recuperacion\/2022\/10\/20\/tesis-sobre-la-guerra-dos-bloques-imperialistas-destruyen-ucrania\/\">Tesis sobre la guerra: Dos bloques imperialistas destruyen Ucrania<\/a><time datetime=\"2022-10-20T06:25:00+00:00\" class=\"wp-block-latest-posts__post-date\">20 octubre, 2022<\/time><div class=\"wp-block-latest-posts__post-excerpt\">\u00a1EE. UU.- OTAN y Rusia y sus aliados Fuera de Ucrania! \u00a1Por el derrotismo revolucionario! \u00a1Movilizarse y armarse contra los<p><a href=\"https:\/\/thedailysocialist.com\/recuperacion\/2022\/10\/20\/tesis-sobre-la-guerra-dos-bloques-imperialistas-destruyen-ucrania\/\" class=\"more-link\">Continue reading<span class=\"screen-reader-text\">Tesis sobre la guerra: Dos bloques imperialistas destruyen Ucrania<\/span><\/a><\/p><\/div><\/li>\n<li><div class=\"wp-block-latest-posts__featured-image\"><img loading=\"lazy\" decoding=\"async\" width=\"479\" height=\"194\" src=\"https:\/\/thedailysocialist.com\/recuperacion\/wp-content\/uploads\/2023\/05\/berni.jpg\" class=\"attachment-large size-large wp-post-image\" alt=\"\" style=\"\" srcset=\"https:\/\/thedailysocialist.com\/recuperacion\/wp-content\/uploads\/2023\/05\/berni.jpg 479w, https:\/\/thedailysocialist.com\/recuperacion\/wp-content\/uploads\/2023\/05\/berni-300x122.jpg 300w\" sizes=\"auto, (max-width: 479px) 100vw, 479px\" \/><\/div><a class=\"wp-block-latest-posts__post-title\" href=\"https:\/\/thedailysocialist.com\/recuperacion\/2022\/10\/05\/argentina-coyuntura-05-08-2022\/\">Argentina, coyuntura 05\/08\/2022<\/a><time datetime=\"2022-10-05T06:14:00+00:00\" class=\"wp-block-latest-posts__post-date\">5 octubre, 2022<\/time><div class=\"wp-block-latest-posts__post-excerpt\">Introducci\u00f3n. Esta nota configura una apretada s\u00edntesis de nuestra evaluaci\u00f3n sobre los acontecimientos acaecidos durante el 1\u00ba semestre del a\u00f1o,<p><a href=\"https:\/\/thedailysocialist.com\/recuperacion\/2022\/10\/05\/argentina-coyuntura-05-08-2022\/\" class=\"more-link\">Continue reading<span class=\"screen-reader-text\">Argentina, coyuntura 05\/08\/2022<\/span><\/a><\/p><\/div><\/li>\n<li><div class=\"wp-block-latest-posts__featured-image\"><img loading=\"lazy\" decoding=\"async\" width=\"743\" height=\"960\" src=\"https:\/\/thedailysocialist.com\/recuperacion\/wp-content\/uploads\/2023\/05\/279644642_7543561709017835_7827063495393452234_n.jpg\" class=\"attachment-large size-large wp-post-image\" alt=\"\" style=\"\" srcset=\"https:\/\/thedailysocialist.com\/recuperacion\/wp-content\/uploads\/2023\/05\/279644642_7543561709017835_7827063495393452234_n.jpg 743w, https:\/\/thedailysocialist.com\/recuperacion\/wp-content\/uploads\/2023\/05\/279644642_7543561709017835_7827063495393452234_n-232x300.jpg 232w\" sizes=\"auto, (max-width: 743px) 100vw, 743px\" \/><\/div><a class=\"wp-block-latest-posts__post-title\" href=\"https:\/\/thedailysocialist.com\/recuperacion\/2022\/05\/01\/declaracion-del-1o-de-mayo-izquierda-internacional-left-party-oir-organizacion-de-izquierda-revolucionaria-y-socialismo-o-extincion-mexico\/\">Declaraci\u00f3n del 1o de Mayo Izquierda Internacional, Left Party, OIR, Organizacion de Izquierda Revolucionaria y Socialismo o Extinci\u00f3n \u2013 M\u00e9xico<\/a><time datetime=\"2022-05-01T05:53:00+00:00\" class=\"wp-block-latest-posts__post-date\">1 mayo, 2022<\/time><div class=\"wp-block-latest-posts__post-excerpt\">El 1\u00ba de Mayo es una fecha hist\u00f3rica para la clase obrera mundial. Desde la huelga general internacional por las<p><a href=\"https:\/\/thedailysocialist.com\/recuperacion\/2022\/05\/01\/declaracion-del-1o-de-mayo-izquierda-internacional-left-party-oir-organizacion-de-izquierda-revolucionaria-y-socialismo-o-extincion-mexico\/\" class=\"more-link\">Continue reading<span class=\"screen-reader-text\">Declaraci\u00f3n del 1o de Mayo Izquierda Internacional, Left Party, OIR, Organizacion de Izquierda Revolucionaria y Socialismo o Extinci\u00f3n \u2013 M\u00e9xico<\/span><\/a><\/p><\/div><\/li>\n<li><div class=\"wp-block-latest-posts__featured-image\"><img loading=\"lazy\" decoding=\"async\" width=\"880\" height=\"585\" src=\"https:\/\/thedailysocialist.com\/recuperacion\/wp-content\/uploads\/2023\/05\/Cuba-por-una-nueva-revolucion-socialista-1024x681.jpg\" class=\"attachment-large size-large wp-post-image\" alt=\"\" style=\"\" srcset=\"https:\/\/thedailysocialist.com\/recuperacion\/wp-content\/uploads\/2023\/05\/Cuba-por-una-nueva-revolucion-socialista-1024x681.jpg 1024w, https:\/\/thedailysocialist.com\/recuperacion\/wp-content\/uploads\/2023\/05\/Cuba-por-una-nueva-revolucion-socialista-300x199.jpg 300w, https:\/\/thedailysocialist.com\/recuperacion\/wp-content\/uploads\/2023\/05\/Cuba-por-una-nueva-revolucion-socialista-768x510.jpg 768w, https:\/\/thedailysocialist.com\/recuperacion\/wp-content\/uploads\/2023\/05\/Cuba-por-una-nueva-revolucion-socialista-507x338.jpg 507w, https:\/\/thedailysocialist.com\/recuperacion\/wp-content\/uploads\/2023\/05\/Cuba-por-una-nueva-revolucion-socialista.jpg 1348w\" sizes=\"auto, (max-width: 880px) 100vw, 880px\" \/><\/div><a class=\"wp-block-latest-posts__post-title\" href=\"https:\/\/thedailysocialist.com\/recuperacion\/2021\/07\/27\/cuba-por-una-nueva-revolucion\/\">Cuba: \u00a1Por una nueva revoluci\u00f3n!<\/a><time datetime=\"2021-07-27T05:40:00+00:00\" class=\"wp-block-latest-posts__post-date\">27 julio, 2021<\/time><div class=\"wp-block-latest-posts__post-excerpt\">\u00a1Ni imperialismo ni burocracia estalinista! Partido revolucionario aut\u00e9ntico y lucha por el socialismo internacionalista Declaraci\u00f3n de Izquierda Internacional (Left Party,<p><a href=\"https:\/\/thedailysocialist.com\/recuperacion\/2021\/07\/27\/cuba-por-una-nueva-revolucion\/\" class=\"more-link\">Continue reading<span class=\"screen-reader-text\">Cuba: \u00a1Por una nueva revoluci\u00f3n!<\/span><\/a><\/p><\/div><\/li>\n<\/ul>","protected":false},"excerpt":{"rendered":"<p>Imperialismo<\/p>\n","protected":false},"author":1,"featured_media":0,"parent":0,"menu_order":0,"comment_status":"closed","ping_status":"closed","template":"","meta":{"footnotes":""},"class_list":["post-107","page","type-page","status-publish","hentry"],"_links":{"self":[{"href":"https:\/\/thedailysocialist.com\/recuperacion\/wp-json\/wp\/v2\/pages\/107","targetHints":{"allow":["GET"]}}],"collection":[{"href":"https:\/\/thedailysocialist.com\/recuperacion\/wp-json\/wp\/v2\/pages"}],"about":[{"href":"https:\/\/thedailysocialist.com\/recuperacion\/wp-json\/wp\/v2\/types\/page"}],"author":[{"embeddable":true,"href":"https:\/\/thedailysocialist.com\/recuperacion\/wp-json\/wp\/v2\/users\/1"}],"replies":[{"embeddable":true,"href":"https:\/\/thedailysocialist.com\/recuperacion\/wp-json\/wp\/v2\/comments?post=107"}],"version-history":[{"count":1,"href":"https:\/\/thedailysocialist.com\/recuperacion\/wp-json\/wp\/v2\/pages\/107\/revisions"}],"predecessor-version":[{"id":108,"href":"https:\/\/thedailysocialist.com\/recuperacion\/wp-json\/wp\/v2\/pages\/107\/revisions\/108"}],"wp:attachment":[{"href":"https:\/\/thedailysocialist.com\/recuperacion\/wp-json\/wp\/v2\/media?parent=107"}],"curies":[{"name":"wp","href":"https:\/\/api.w.org\/{rel}","templated":true}]}}